{"id":161,"date":"2026-03-05T16:45:22","date_gmt":"2026-03-05T16:45:22","guid":{"rendered":"https:\/\/elegant-bhabha.87-106-110-29.plesk.page\/sorten-von-honig\/"},"modified":"2026-03-08T19:33:21","modified_gmt":"2026-03-08T19:33:21","slug":"sorten-von-honig","status":"publish","type":"page","link":"https:\/\/melissotis.gr\/de\/sorten-von-honig\/","title":{"rendered":"Sorten von Honig"},"content":{"rendered":"\t\t<div data-elementor-type=\"wp-page\" data-elementor-id=\"161\" class=\"elementor elementor-161 elementor-97\" data-elementor-post-type=\"page\">\n\t\t\t\t<div class=\"elementor-element elementor-element-b9ffe38 e-flex e-con-boxed e-con e-parent\" data-id=\"b9ffe38\" data-element_type=\"container\" data-e-type=\"container\" data-settings=\"{&quot;background_background&quot;:&quot;classic&quot;}\">\n\t\t\t\t\t<div class=\"e-con-inner\">\n\t\t<div class=\"elementor-element elementor-element-3efbe8d e-con-full e-flex e-con e-child\" data-id=\"3efbe8d\" data-element_type=\"container\" data-e-type=\"container\" data-settings=\"{&quot;background_background&quot;:&quot;classic&quot;}\">\n\t\t\t\t<div class=\"elementor-element elementor-element-fabc0c9 elementor-widget elementor-widget-heading\" data-id=\"fabc0c9\" data-element_type=\"widget\" data-e-type=\"widget\" data-widget_type=\"heading.default\">\n\t\t\t\t\t<h2 class=\"elementor-heading-title elementor-size-default\">Ausgew\u00e4hlte griechische Produkte<\/h2>\t\t\t\t<\/div>\n\t\t\t\t<div class=\"elementor-element elementor-element-c0783ba elementor-widget elementor-widget-text-editor\" data-id=\"c0783ba\" data-element_type=\"widget\" data-e-type=\"widget\" data-widget_type=\"text-editor.default\">\n\t\t\t\t\t\t\t\t\t<p class=\"font_8 wixui-rich-text__text\"><strong><span class=\"wixui-rich-text__text\">Bei uns finden Sie<\/span><\/strong><\/p><ul class=\"font_8 wixui-rich-text__text\"><li class=\"wixui-rich-text__text\"><p class=\"font_8 wixui-rich-text__text\"><span class=\"wixui-rich-text__text\"> Kiefernhonig aus den W\u00e4ldern von Thasos, Chalkidiki und Nord-Eub\u00f6a <\/span><\/p><\/li><li class=\"wixui-rich-text__text\"><p class=\"font_8 wixui-rich-text__text\"><span class=\"wixui-rich-text__text\">Bl\u00fctenhonig aus den Bergen von Pella und Imathia<\/span><\/p><\/li><li class=\"wixui-rich-text__text\"><p class=\"font_8 wixui-rich-text__text\"><span class=\"wixui-rich-text__text\"> Eichenhonig aus den dichten W\u00e4ldern von Kastoria<\/span><\/p><\/li><li class=\"wixui-rich-text__text\"><p class=\"font_8 wixui-rich-text__text\"><span class=\"wixui-rich-text__text\"> Waldhonig aus den Bergen von Kastoria und Chalkidiki<\/span><\/p><\/li><li class=\"wixui-rich-text__text\"><p class=\"font_8 wixui-rich-text__text\"><span class=\"wixui-rich-text__text\">Naturwachs<\/span><\/p><\/li><li class=\"wixui-rich-text__text\"><p class=\"font_8 wixui-rich-text__text\"><span class=\"wixui-rich-text__text\">Propolis-Tinktur<\/span><\/p><\/li><li class=\"wixui-rich-text__text\"><p class=\"font_8 wixui-rich-text__text\"><span class=\"wixui-rich-text__text\">Keramische Beschichtungen<\/span><\/p><\/li><\/ul>\t\t\t\t\t\t\t\t<\/div>\n\t\t\t\t<\/div>\n\t\t\t\t\t<\/div>\n\t\t\t\t<\/div>\n\t\t<div class=\"elementor-element elementor-element-ce72fd5 e-flex e-con-boxed e-con e-parent\" data-id=\"ce72fd5\" data-element_type=\"container\" data-e-type=\"container\">\n\t\t\t\t\t<div class=\"e-con-inner\">\n\t\t<div class=\"elementor-element elementor-element-a7af2bd e-con-full e-flex e-con e-child\" data-id=\"a7af2bd\" data-element_type=\"container\" data-e-type=\"container\">\n\t\t<div class=\"elementor-element elementor-element-322389d e-con-full e-flex e-con e-child\" data-id=\"322389d\" data-element_type=\"container\" data-e-type=\"container\">\n\t\t\t\t<div class=\"elementor-element elementor-element-3b11ac0 elementor-widget elementor-widget-heading\" data-id=\"3b11ac0\" data-element_type=\"widget\" data-e-type=\"widget\" data-widget_type=\"heading.default\">\n\t\t\t\t\t<h2 class=\"elementor-heading-title elementor-size-default\">Kiefernhonig<\/h2>\t\t\t\t<\/div>\n\t\t\t\t<div class=\"elementor-element elementor-element-194e73e elementor-widget elementor-widget-text-editor\" data-id=\"194e73e\" data-element_type=\"widget\" data-e-type=\"widget\" data-widget_type=\"text-editor.default\">\n\t\t\t\t\t\t\t\t\t<p class=\"font_8 wixui-rich-text__text\"><span class=\"wixui-rich-text__text\">Mit seinem besonderen Aroma, das viele mit dem Geruch von Jod vergleichen, enth\u00e4lt es die meisten N\u00e4hrstoffe. Es geh\u00f6rt zur Kategorie der Honigtauhonige und f\u00fcr seine Herstellung ist das Insekt Mrchalina Hellenica erforderlich, aus dessen Ausscheidungen der Honig gewonnen wird. <\/span><br class=\"wixui-rich-text__text\"> <\/p><p class=\"font_8 wixui-rich-text__text\"><span class=\"wixui-rich-text__text\">Aufgrund seines geringen Zuckergehalts tritt das Ph\u00e4nomen der Kristallisation nur selten auf. <\/span><\/p><p class=\"font_8 wixui-rich-text__text\"> <\/p><p class=\"font_8 wixui-rich-text__text\"><span class=\"wixui-rich-text__text\">Er wird von April bis Mai und von August bis November hergestellt.<br class=\"wixui-rich-text__text\">Sein Geschmack ist nicht sehr s\u00fc\u00df, w\u00e4hrend seine Farbe im Allgemeinen dunkel ist.<\/span><\/p>\t\t\t\t\t\t\t\t<\/div>\n\t\t\t\t<\/div>\n\t\t<div class=\"elementor-element elementor-element-deddd53 e-con-full e-flex e-con e-child\" data-id=\"deddd53\" data-element_type=\"container\" data-e-type=\"container\">\n\t\t\t\t<div class=\"elementor-element elementor-element-d3747b4 elementor-widget elementor-widget-image\" data-id=\"d3747b4\" data-element_type=\"widget\" data-e-type=\"widget\" data-widget_type=\"image.default\">\n\t\t\t\t\t\t\t\t\t\t\t\t\t\t\t<img fetchpriority=\"high\" decoding=\"async\" width=\"285\" height=\"372\" src=\"https:\/\/melissotis.gr\/wp-content\/uploads\/2026\/03\/\u039c\u03ad\u03bb\u03b9-\u03c0\u03b5\u03cd\u03ba\u03bf\u03c5.jpg\" class=\"attachment-full size-full wp-image-162\" alt=\"\" srcset=\"https:\/\/melissotis.gr\/wp-content\/uploads\/2026\/03\/\u039c\u03ad\u03bb\u03b9-\u03c0\u03b5\u03cd\u03ba\u03bf\u03c5.jpg 285w, https:\/\/melissotis.gr\/wp-content\/uploads\/2026\/03\/\u039c\u03ad\u03bb\u03b9-\u03c0\u03b5\u03cd\u03ba\u03bf\u03c5-230x300.jpg 230w\" sizes=\"(max-width: 285px) 100vw, 285px\" \/>\t\t\t\t\t\t\t\t\t\t\t\t\t\t\t<\/div>\n\t\t\t\t<\/div>\n\t\t\t\t<\/div>\n\t\t<div class=\"elementor-element elementor-element-82cfadd e-con-full e-flex e-con e-child\" data-id=\"82cfadd\" data-element_type=\"container\" data-e-type=\"container\">\n\t\t<div class=\"elementor-element elementor-element-77dc871 e-con-full e-flex e-con e-child\" data-id=\"77dc871\" data-element_type=\"container\" data-e-type=\"container\">\n\t\t\t\t<div class=\"elementor-element elementor-element-1df9a3e elementor-widget elementor-widget-heading\" data-id=\"1df9a3e\" data-element_type=\"widget\" data-e-type=\"widget\" data-widget_type=\"heading.default\">\n\t\t\t\t\t<h2 class=\"elementor-heading-title elementor-size-default\">Bl\u00fctenhonig<\/h2>\t\t\t\t<\/div>\n\t\t\t\t<div class=\"elementor-element elementor-element-d5fdf30 elementor-widget elementor-widget-text-editor\" data-id=\"d5fdf30\" data-element_type=\"widget\" data-e-type=\"widget\" data-widget_type=\"text-editor.default\">\n\t\t\t\t\t\t\t\t\t<p class=\"font_8 wixui-rich-text__text\"><span class=\"wixui-rich-text__text\">Ein Honig von ausgezeichneter Qualit\u00e4t aufgrund seiner herrlich hellen Farbe, <\/span><\/p><p class=\"font_8 wixui-rich-text__text\"><span class=\"wixui-rich-text__text\">seinen angenehmen Geschmack und seine belebenden und wohltuenden Eigenschaften.<\/span><\/p><p class=\"font_8 wixui-rich-text__text\"><br class=\"wixui-rich-text__text\"><span class=\"wixui-rich-text__text\">Es wird aus dem Nektar vieler Blumen und Kr\u00e4uter der griechischen Natur gewonnen. <\/span><\/p><p class=\"font_8 wixui-rich-text__text\"><span class=\"wixui-rich-text__text\">Es wird von Mai bis August hergestellt und seine Kristallisation ist ein nat\u00fcrliches Ph\u00e4nomen. <\/span><\/p><p class=\"font_8 wixui-rich-text__text\"><span class=\"wixui-rich-text__text\">Sein Geschmack ist leicht und mild mit einer bernsteinfarbenen Textur und einem au\u00dfergew\u00f6hnlichen Aroma.<\/span><\/p>\t\t\t\t\t\t\t\t<\/div>\n\t\t\t\t<\/div>\n\t\t<div class=\"elementor-element elementor-element-b140b76 e-con-full e-flex e-con e-child\" data-id=\"b140b76\" data-element_type=\"container\" data-e-type=\"container\">\n\t\t\t\t<div class=\"elementor-element elementor-element-6f8e1e4 elementor-widget elementor-widget-image\" data-id=\"6f8e1e4\" data-element_type=\"widget\" data-e-type=\"widget\" data-widget_type=\"image.default\">\n\t\t\t\t\t\t\t\t\t\t\t\t\t\t\t<img decoding=\"async\" width=\"359\" height=\"295\" src=\"https:\/\/melissotis.gr\/wp-content\/uploads\/2026\/03\/\u039c\u03ad\u03bb\u03b9-\u03b1\u03bd\u03b8\u03ad\u03c9\u03bd.jpg\" class=\"attachment-full size-full wp-image-163\" alt=\"\" srcset=\"https:\/\/melissotis.gr\/wp-content\/uploads\/2026\/03\/\u039c\u03ad\u03bb\u03b9-\u03b1\u03bd\u03b8\u03ad\u03c9\u03bd.jpg 359w, https:\/\/melissotis.gr\/wp-content\/uploads\/2026\/03\/\u039c\u03ad\u03bb\u03b9-\u03b1\u03bd\u03b8\u03ad\u03c9\u03bd-300x247.jpg 300w\" sizes=\"(max-width: 359px) 100vw, 359px\" \/>\t\t\t\t\t\t\t\t\t\t\t\t\t\t\t<\/div>\n\t\t\t\t<\/div>\n\t\t\t\t<\/div>\n\t\t<div class=\"elementor-element elementor-element-9f7588d e-con-full e-flex e-con e-child\" data-id=\"9f7588d\" data-element_type=\"container\" data-e-type=\"container\">\n\t\t<div class=\"elementor-element elementor-element-33d30e6 e-con-full e-flex e-con e-child\" data-id=\"33d30e6\" data-element_type=\"container\" data-e-type=\"container\">\n\t\t\t\t<div class=\"elementor-element elementor-element-04c31d2 elementor-widget elementor-widget-heading\" data-id=\"04c31d2\" data-element_type=\"widget\" data-e-type=\"widget\" data-widget_type=\"heading.default\">\n\t\t\t\t\t<h2 class=\"elementor-heading-title elementor-size-default\">Eichenhonig<\/h2>\t\t\t\t<\/div>\n\t\t\t\t<div class=\"elementor-element elementor-element-a5c62f9 elementor-widget elementor-widget-text-editor\" data-id=\"a5c62f9\" data-element_type=\"widget\" data-e-type=\"widget\" data-widget_type=\"text-editor.default\">\n\t\t\t\t\t\t\t\t\t<p><span class=\"wixui-rich-text__text\">Die harmonische Zusammenarbeit der Biene mit dem Wald schenkt uns dieses einzigartige Honig. Er wird aus den Fr\u00fcchten der Eiche (Steineiche) in Kombination mit einer Vielzahl von wilden Waldkr\u00e4utern gewonnen. <br class=\"wixui-rich-text__text\"><br class=\"wixui-rich-text__text\">Sein Geschmack ist s\u00fc\u00df und besonders samtig, w\u00e4hrend sein Aroma kr\u00e4ftig ist. Seine Farbe ist dunkel, fast schwarz, und er geh\u00f6rt zu den dickfl\u00fcssigsten Honigsorten. <br class=\"wixui-rich-text__text\">Wird im Juli und August hergestellt.<\/span><\/p>\t\t\t\t\t\t\t\t<\/div>\n\t\t\t\t<\/div>\n\t\t<div class=\"elementor-element elementor-element-495c388 e-con-full e-flex e-con e-child\" data-id=\"495c388\" data-element_type=\"container\" data-e-type=\"container\">\n\t\t\t\t<div class=\"elementor-element elementor-element-3866a4c elementor-widget elementor-widget-image\" data-id=\"3866a4c\" data-element_type=\"widget\" data-e-type=\"widget\" data-widget_type=\"image.default\">\n\t\t\t\t\t\t\t\t\t\t\t\t\t\t\t<img decoding=\"async\" width=\"307\" height=\"362\" src=\"https:\/\/melissotis.gr\/wp-content\/uploads\/2026\/03\/\u039c\u03ad\u03bb\u03b9-\u03b2\u03b5\u03bb\u03b1\u03bd\u03b9\u03b4\u03b9\u03ac\u03c2.avif\" class=\"attachment-full size-full wp-image-164\" alt=\"\" srcset=\"https:\/\/melissotis.gr\/wp-content\/uploads\/2026\/03\/\u039c\u03ad\u03bb\u03b9-\u03b2\u03b5\u03bb\u03b1\u03bd\u03b9\u03b4\u03b9\u03ac\u03c2.avif 307w, https:\/\/melissotis.gr\/wp-content\/uploads\/2026\/03\/\u039c\u03ad\u03bb\u03b9-\u03b2\u03b5\u03bb\u03b1\u03bd\u03b9\u03b4\u03b9\u03ac\u03c2-254x300.avif 254w\" sizes=\"(max-width: 307px) 100vw, 307px\" \/>\t\t\t\t\t\t\t\t\t\t\t\t\t\t\t<\/div>\n\t\t\t\t<\/div>\n\t\t\t\t<\/div>\n\t\t<div class=\"elementor-element elementor-element-0eb1ad8 e-con-full e-flex e-con e-child\" data-id=\"0eb1ad8\" data-element_type=\"container\" data-e-type=\"container\">\n\t\t<div class=\"elementor-element elementor-element-0ff607a e-con-full e-flex e-con e-child\" data-id=\"0ff607a\" data-element_type=\"container\" data-e-type=\"container\">\n\t\t\t\t<div class=\"elementor-element elementor-element-3e7a1c8 elementor-widget elementor-widget-heading\" data-id=\"3e7a1c8\" data-element_type=\"widget\" data-e-type=\"widget\" data-widget_type=\"heading.default\">\n\t\t\t\t\t<h2 class=\"elementor-heading-title elementor-size-default\">Waldhonig<\/h2>\t\t\t\t<\/div>\n\t\t\t\t<div class=\"elementor-element elementor-element-5d190af elementor-widget elementor-widget-text-editor\" data-id=\"5d190af\" data-element_type=\"widget\" data-e-type=\"widget\" data-widget_type=\"text-editor.default\">\n\t\t\t\t\t\t\t\t\t<p><span class=\"wixui-rich-text__text\">Es handelt sich um ein Honig mit hohem N\u00e4hrwert. Es ist ein Honig aus einer Kombination von Kiefer, Eiche und Bl\u00fcten. <br class=\"wixui-rich-text__text\">Es hat einen angenehmen Geschmack, eine insgesamt dunkle Farbe und kristallisiert relativ langsam.<\/span><\/p><p><span class=\"wixui-rich-text__text\"><br class=\"wixui-rich-text__text\">Es wird in den Bergw\u00e4ldern Griechenlands gesammelt und geh\u00f6rt zu den Honigsorten mit den reichhaltigsten antioxidativen Eigenschaften.<\/span><\/p>\t\t\t\t\t\t\t\t<\/div>\n\t\t\t\t<\/div>\n\t\t<div class=\"elementor-element elementor-element-63f1733 e-con-full e-flex e-con e-child\" data-id=\"63f1733\" data-element_type=\"container\" data-e-type=\"container\">\n\t\t\t\t<div class=\"elementor-element elementor-element-4ff95ed elementor-widget elementor-widget-image\" data-id=\"4ff95ed\" data-element_type=\"widget\" data-e-type=\"widget\" data-widget_type=\"image.default\">\n\t\t\t\t\t\t\t\t\t\t\t\t\t\t\t<img loading=\"lazy\" decoding=\"async\" width=\"377\" height=\"297\" src=\"https:\/\/melissotis.gr\/wp-content\/uploads\/2026\/03\/\u039c\u03ad\u03bb\u03b9-\u0394\u03ac\u03c3\u03bf\u03c5\u03c2.avif\" class=\"attachment-full size-full wp-image-165\" alt=\"\" srcset=\"https:\/\/melissotis.gr\/wp-content\/uploads\/2026\/03\/\u039c\u03ad\u03bb\u03b9-\u0394\u03ac\u03c3\u03bf\u03c5\u03c2.avif 377w, https:\/\/melissotis.gr\/wp-content\/uploads\/2026\/03\/\u039c\u03ad\u03bb\u03b9-\u0394\u03ac\u03c3\u03bf\u03c5\u03c2-300x236.avif 300w\" sizes=\"(max-width: 377px) 100vw, 377px\" \/>\t\t\t\t\t\t\t\t\t\t\t\t\t\t\t<\/div>\n\t\t\t\t<\/div>\n\t\t\t\t<\/div>\n\t\t<div class=\"elementor-element elementor-element-6548297 e-con-full e-flex e-con e-child\" data-id=\"6548297\" data-element_type=\"container\" data-e-type=\"container\">\n\t\t<div class=\"elementor-element elementor-element-ab1df05 e-con-full e-flex e-con e-child\" data-id=\"ab1df05\" data-element_type=\"container\" data-e-type=\"container\">\n\t\t\t\t<div class=\"elementor-element elementor-element-85dfe84 elementor-widget elementor-widget-heading\" data-id=\"85dfe84\" data-element_type=\"widget\" data-e-type=\"widget\" data-widget_type=\"heading.default\">\n\t\t\t\t\t<h2 class=\"elementor-heading-title elementor-size-default\">Orangenbl\u00fctenhonig<\/h2>\t\t\t\t<\/div>\n\t\t\t\t<div class=\"elementor-element elementor-element-b11e45e elementor-widget elementor-widget-text-editor\" data-id=\"b11e45e\" data-element_type=\"widget\" data-e-type=\"widget\" data-widget_type=\"text-editor.default\">\n\t\t\t\t\t\t\t\t\t<p class=\"font_8 wixui-rich-text__text\"><strong><span class=\"wixui-rich-text__text\">Milder Geschmack \u2013 Blumiges Aroma<\/span><\/strong><\/p><p class=\"font_8 wixui-rich-text__text\"><span class=\"wixui-rich-text__text\">Ein erlesenes Bl\u00fctenhonig aus den aromatischen Bl\u00fcten des Orangenbaums. <\/span><\/p><p class=\"font_8 wixui-rich-text__text\"><span class=\"wixui-rich-text__text\">Orangenhonig zeichnet sich durch seine leuchtende Farbe, seinen milden Geschmack und sein besonders fruchtiges Aroma aus, das an den Fr\u00fchling erinnert!<\/span><\/p><p class=\"font_8 wixui-rich-text__text\"><span class=\"wixui-rich-text__text\"> Hell, fast goldfarbenes Honig<\/span><\/p><p class=\"font_8 wixui-rich-text__text\"><span class=\"wixui-rich-text__text\"> fruchtig, s\u00fc\u00df und angenehm im Geschmack<\/span><\/p><p class=\"font_8 wixui-rich-text__text\"><span class=\"wixui-rich-text__text\"> Leicht und aromatisch, ideal f\u00fcr Kinder und alle, die milde Geschmacksrichtungen bevorzugen.<\/span><\/p>\t\t\t\t\t\t\t\t<\/div>\n\t\t\t\t<\/div>\n\t\t<div class=\"elementor-element elementor-element-66571c6 e-con-full e-flex e-con e-child\" data-id=\"66571c6\" data-element_type=\"container\" data-e-type=\"container\">\n\t\t\t\t<div class=\"elementor-element elementor-element-c28636c elementor-widget elementor-widget-image\" data-id=\"c28636c\" data-element_type=\"widget\" data-e-type=\"widget\" data-widget_type=\"image.default\">\n\t\t\t\t\t\t\t\t\t\t\t\t\t\t\t<img loading=\"lazy\" decoding=\"async\" width=\"377\" height=\"297\" src=\"https:\/\/melissotis.gr\/wp-content\/uploads\/2026\/03\/\u039c\u03ad\u03bb\u03b9-\u03c0\u03bf\u03c1\u03c4\u03bf\u03ba\u03b1\u03bb\u03b9\u03ac\u03c2.avif\" class=\"attachment-full size-full wp-image-166\" alt=\"\" srcset=\"https:\/\/melissotis.gr\/wp-content\/uploads\/2026\/03\/\u039c\u03ad\u03bb\u03b9-\u03c0\u03bf\u03c1\u03c4\u03bf\u03ba\u03b1\u03bb\u03b9\u03ac\u03c2.avif 377w, https:\/\/melissotis.gr\/wp-content\/uploads\/2026\/03\/\u039c\u03ad\u03bb\u03b9-\u03c0\u03bf\u03c1\u03c4\u03bf\u03ba\u03b1\u03bb\u03b9\u03ac\u03c2-300x236.avif 300w\" sizes=\"(max-width: 377px) 100vw, 377px\" \/>\t\t\t\t\t\t\t\t\t\t\t\t\t\t\t<\/div>\n\t\t\t\t<\/div>\n\t\t\t\t<\/div>\n\t\t<div class=\"elementor-element elementor-element-6361105 e-con-full e-flex e-con e-child\" data-id=\"6361105\" data-element_type=\"container\" data-e-type=\"container\">\n\t\t<div class=\"elementor-element elementor-element-378ef03 e-con-full e-flex e-con e-child\" data-id=\"378ef03\" data-element_type=\"container\" data-e-type=\"container\">\n\t\t\t\t<div class=\"elementor-element elementor-element-2318ef7 elementor-widget elementor-widget-heading\" data-id=\"2318ef7\" data-element_type=\"widget\" data-e-type=\"widget\" data-widget_type=\"heading.default\">\n\t\t\t\t\t<h2 class=\"elementor-heading-title elementor-size-default\">Ereika-Honig<\/h2>\t\t\t\t<\/div>\n\t\t\t\t<div class=\"elementor-element elementor-element-431144f elementor-widget elementor-widget-text-editor\" data-id=\"431144f\" data-element_type=\"widget\" data-e-type=\"widget\" data-widget_type=\"text-editor.default\">\n\t\t\t\t\t\t\t\t\t<p class=\"font_8 wixui-rich-text__text\"><span class=\"wixui-rich-text__text\">Entdecken Sie das reine und aromatische Heidehonig, eines der besonders einzigartigen und wohltuenden griechischen Honigsorten. Es wird aus dem Nektar der Heide gewonnen, einer Pflanze, die vor allem im Fr\u00fchling und Herbst in Berg- und Halbgebirgsregionen gedeiht. <\/span><\/p><p class=\"font_8 wixui-rich-text__text\"><span class=\"wixui-rich-text__text\"><strong>Dunkle Kechrobarenio-Farbe<\/strong><\/span><\/p><p class=\"font_8 wixui-rich-text__text\"><span class=\"wixui-rich-text__text\"> Reichhaltig, vollmundig und erdig im Geschmack mit einer milden Bitterkeit<\/span><\/p><p class=\"font_8 wixui-rich-text__text\"><span class=\"wixui-rich-text__text\"> Dichte, samtige Textur<\/span><\/p><p class=\"font_8 wixui-rich-text__text\"><span class=\"wixui-rich-text__text\"> Kristallisiert relativ schnell (Zeichen f\u00fcr Reinheit)<\/span><\/p>\t\t\t\t\t\t\t\t<\/div>\n\t\t\t\t<\/div>\n\t\t<div class=\"elementor-element elementor-element-d644772 e-con-full e-flex e-con e-child\" data-id=\"d644772\" data-element_type=\"container\" data-e-type=\"container\">\n\t\t\t\t<div class=\"elementor-element elementor-element-09c6261 elementor-widget elementor-widget-image\" data-id=\"09c6261\" data-element_type=\"widget\" data-e-type=\"widget\" data-widget_type=\"image.default\">\n\t\t\t\t\t\t\t\t\t\t\t\t\t\t\t<img loading=\"lazy\" decoding=\"async\" width=\"271\" height=\"317\" src=\"https:\/\/melissotis.gr\/wp-content\/uploads\/2026\/03\/\u039c\u03ad\u03bb\u03b9-\u0395\u03c1\u03b5\u03af\u03ba\u03b7\u03c2.avif\" class=\"attachment-full size-full wp-image-167\" alt=\"\" srcset=\"https:\/\/melissotis.gr\/wp-content\/uploads\/2026\/03\/\u039c\u03ad\u03bb\u03b9-\u0395\u03c1\u03b5\u03af\u03ba\u03b7\u03c2.avif 271w, https:\/\/melissotis.gr\/wp-content\/uploads\/2026\/03\/\u039c\u03ad\u03bb\u03b9-\u0395\u03c1\u03b5\u03af\u03ba\u03b7\u03c2-256x300.avif 256w\" sizes=\"(max-width: 271px) 100vw, 271px\" \/>\t\t\t\t\t\t\t\t\t\t\t\t\t\t\t<\/div>\n\t\t\t\t<\/div>\n\t\t\t\t<\/div>\n\t\t\t\t\t<\/div>\n\t\t\t\t<\/div>\n\t\t\t\t<\/div>\n\t\t","protected":false},"excerpt":{"rendered":"<p>Ausgew\u00e4hlte griechische Produkte Bei uns finden Sie Kiefernhonig aus den W\u00e4ldern von Thasos, Chalkidiki und Nord-Eub\u00f6a Bl\u00fctenhonig aus den Bergen von Pella und Imathia Eichenhonig aus den dichten W\u00e4ldern von Kastoria Waldhonig aus den Bergen von Kastoria und Chalkidiki Naturwachs Propolis-Tinktur Keramische Beschichtungen Kiefernhonig Mit seinem besonderen Aroma, das viele mit dem Geruch von Jod [&hellip;]<\/p>\n","protected":false},"author":1,"featured_media":0,"parent":0,"menu_order":0,"comment_status":"closed","ping_status":"closed","template":"","meta":{"footnotes":""},"class_list":["post-161","page","type-page","status-publish","hentry"],"_links":{"self":[{"href":"https:\/\/melissotis.gr\/de\/wp-json\/wp\/v2\/pages\/161","targetHints":{"allow":["GET"]}}],"collection":[{"href":"https:\/\/melissotis.gr\/de\/wp-json\/wp\/v2\/pages"}],"about":[{"href":"https:\/\/melissotis.gr\/de\/wp-json\/wp\/v2\/types\/page"}],"author":[{"embeddable":true,"href":"https:\/\/melissotis.gr\/de\/wp-json\/wp\/v2\/users\/1"}],"replies":[{"embeddable":true,"href":"https:\/\/melissotis.gr\/de\/wp-json\/wp\/v2\/comments?post=161"}],"version-history":[{"count":2,"href":"https:\/\/melissotis.gr\/de\/wp-json\/wp\/v2\/pages\/161\/revisions"}],"predecessor-version":[{"id":254,"href":"https:\/\/melissotis.gr\/de\/wp-json\/wp\/v2\/pages\/161\/revisions\/254"}],"wp:attachment":[{"href":"https:\/\/melissotis.gr\/de\/wp-json\/wp\/v2\/media?parent=161"}],"curies":[{"name":"wp","href":"https:\/\/api.w.org\/{rel}","templated":true}]}}