{"id":185,"date":"2026-03-06T17:55:52","date_gmt":"2026-03-06T17:55:52","guid":{"rendered":"https:\/\/elegant-bhabha.87-106-110-29.plesk.page\/unsere-neuigkeiten\/"},"modified":"2026-03-07T05:29:18","modified_gmt":"2026-03-07T05:29:18","slug":"unsere-neuigkeiten","status":"publish","type":"page","link":"https:\/\/melissotis.gr\/de\/unsere-neuigkeiten\/","title":{"rendered":"Unsere Neuigkeiten"},"content":{"rendered":"\t\t<div data-elementor-type=\"wp-page\" data-elementor-id=\"185\" class=\"elementor elementor-185 elementor-111\" data-elementor-post-type=\"page\">\n\t\t\t\t<div class=\"elementor-element elementor-element-cb63ac8 e-flex e-con-boxed e-con e-parent\" data-id=\"cb63ac8\" data-element_type=\"container\" data-e-type=\"container\" data-settings=\"{&quot;background_background&quot;:&quot;gradient&quot;}\">\n\t\t\t\t\t<div class=\"e-con-inner\">\n\t\t\t\t<div class=\"elementor-element elementor-element-f3e7e28 elementor-widget elementor-widget-heading\" data-id=\"f3e7e28\" data-element_type=\"widget\" data-e-type=\"widget\" data-widget_type=\"heading.default\">\n\t\t\t\t\t<h2 class=\"elementor-heading-title elementor-size-default\">OLYMP Awards \u2013 Wettbewerbe im Bereich Lebensmittel und Getr\u00e4nke<\/h2>\t\t\t\t<\/div>\n\t\t\t\t\t<\/div>\n\t\t\t\t<\/div>\n\t\t<div class=\"elementor-element elementor-element-5137511 e-flex e-con-boxed e-con e-parent\" data-id=\"5137511\" data-element_type=\"container\" data-e-type=\"container\">\n\t\t\t\t\t<div class=\"e-con-inner\">\n\t\t\t\t<div class=\"elementor-element elementor-element-87b611e elementor-widget elementor-widget-text-editor\" data-id=\"87b611e\" data-element_type=\"widget\" data-e-type=\"widget\" data-widget_type=\"text-editor.default\">\n\t\t\t\t\t\t\t\t\t<div id=\"bgLayers_comp-m4b48kfl\" class=\"MW5IWV\" data-hook=\"bgLayers\" data-motion-part=\"BG_LAYER comp-m4b48kfl\"><div id=\"bgMedia_comp-m4b48kfl\" class=\"VgO9Yg\" data-motion-part=\"BG_MEDIA comp-m4b48kfl\"><span class=\"wixui-rich-text__text\">Olymp Taste Awards: ein weiterer Erfolg f\u00fcr unser Team!<\/span><\/div><div data-motion-part=\"BG_MEDIA comp-m4b48kfl\"> <\/div><\/div><div class=\"\" data-mesh-id=\"comp-m4b48kflinlineContent\" data-testid=\"inline-content\"><div data-mesh-id=\"comp-m4b48kflinlineContent-gridContainer\" data-testid=\"mesh-container-content\"><div id=\"comp-m4b48kga3\" class=\"ku3DBC zQ9jDz qvSjx3 Vq6kJx comp-m4b48kga3 wixui-rich-text\" data-testid=\"richTextElement\"><p class=\"font_8 wixui-rich-text__text\"><span class=\"wixui-rich-text__text\">Mit der Teilnahme an den Olymp Taste Awards Competitions 2024 mit unseren vier Honigsorten haben wir die Goldmedaille f\u00fcr Bl\u00fctenhonig, die Silbermedaille f\u00fcr Kiefernhonig und Waldhonig und die Platinmedaille f\u00fcr Eichenhonig.<\/span><\/p><p class=\"font_8 wixui-rich-text__text\"><span class=\"wixui-rich-text__text\"><br class=\"wixui-rich-text__text\">Getreu unseren Werten und unserer Liebe zu den Bienen freuen wir uns \u00fcber diesen Erfolg und versprechen, weiterhin reines, hochwertiges Honig direkt aus unseren Bienenst\u00f6cken auf Ihren Teller zu bringen!<\/span><\/p><\/div><\/div><\/div>\t\t\t\t\t\t\t\t<\/div>\n\t\t<div class=\"elementor-element elementor-element-5b80deb e-con-full e-flex e-con e-child\" data-id=\"5b80deb\" data-element_type=\"container\" data-e-type=\"container\">\n\t\t<div class=\"elementor-element elementor-element-c58fa13 e-con-full e-flex e-con e-child\" data-id=\"c58fa13\" data-element_type=\"container\" data-e-type=\"container\">\n\t\t\t\t<div class=\"elementor-element elementor-element-f3b791e elementor-widget elementor-widget-image\" data-id=\"f3b791e\" data-element_type=\"widget\" data-e-type=\"widget\" data-widget_type=\"image.default\">\n\t\t\t\t\t\t\t\t\t\t\t\t\t\t\t<img decoding=\"async\" width=\"113\" height=\"116\" src=\"https:\/\/melissotis.gr\/wp-content\/uploads\/2026\/03\/PLATINUM_edited.avif\" class=\"attachment-large size-large wp-image-188\" alt=\"\" \/>\t\t\t\t\t\t\t\t\t\t\t\t\t\t\t<\/div>\n\t\t\t\t<\/div>\n\t\t<div class=\"elementor-element elementor-element-717796b e-con-full e-flex e-con e-child\" data-id=\"717796b\" data-element_type=\"container\" data-e-type=\"container\">\n\t\t\t\t<div class=\"elementor-element elementor-element-98d5f32 elementor-widget elementor-widget-image\" data-id=\"98d5f32\" data-element_type=\"widget\" data-e-type=\"widget\" data-widget_type=\"image.default\">\n\t\t\t\t\t\t\t\t\t\t\t\t\t\t\t<img decoding=\"async\" width=\"113\" height=\"116\" src=\"https:\/\/melissotis.gr\/wp-content\/uploads\/2026\/03\/GOLD_edited.avif\" class=\"attachment-large size-large wp-image-189\" alt=\"\" \/>\t\t\t\t\t\t\t\t\t\t\t\t\t\t\t<\/div>\n\t\t\t\t<\/div>\n\t\t<div class=\"elementor-element elementor-element-f8dc275 e-con-full e-flex e-con e-child\" data-id=\"f8dc275\" data-element_type=\"container\" data-e-type=\"container\">\n\t\t\t\t<div class=\"elementor-element elementor-element-1065508 elementor-widget elementor-widget-image\" data-id=\"1065508\" data-element_type=\"widget\" data-e-type=\"widget\" data-widget_type=\"image.default\">\n\t\t\t\t\t\t\t\t\t\t\t\t\t\t\t<img decoding=\"async\" width=\"113\" height=\"116\" src=\"https:\/\/melissotis.gr\/wp-content\/uploads\/2026\/03\/SILVER_edited.avif\" class=\"attachment-large size-large wp-image-190\" alt=\"\" \/>\t\t\t\t\t\t\t\t\t\t\t\t\t\t\t<\/div>\n\t\t\t\t<\/div>\n\t\t\t\t<\/div>\n\t\t\t\t\t<\/div>\n\t\t\t\t<\/div>\n\t\t<div class=\"elementor-element elementor-element-45fda24 e-flex e-con-boxed e-con e-parent\" data-id=\"45fda24\" data-element_type=\"container\" data-e-type=\"container\" data-settings=\"{&quot;background_background&quot;:&quot;gradient&quot;}\">\n\t\t\t\t\t<div class=\"e-con-inner\">\n\t\t\t\t<div class=\"elementor-element elementor-element-0466fb5 elementor-widget elementor-widget-heading\" data-id=\"0466fb5\" data-element_type=\"widget\" data-e-type=\"widget\" data-widget_type=\"heading.default\">\n\t\t\t\t\t<h2 class=\"elementor-heading-title elementor-size-default\">London International Honey Award<\/h2>\t\t\t\t<\/div>\n\t\t\t\t\t<\/div>\n\t\t\t\t<\/div>\n\t\t<div class=\"elementor-element elementor-element-e201b52 e-flex e-con-boxed e-con e-parent\" data-id=\"e201b52\" data-element_type=\"container\" data-e-type=\"container\">\n\t\t\t\t\t<div class=\"e-con-inner\">\n\t\t\t\t<div class=\"elementor-element elementor-element-21670b5 elementor-widget elementor-widget-text-editor\" data-id=\"21670b5\" data-element_type=\"widget\" data-e-type=\"widget\" data-widget_type=\"text-editor.default\">\n\t\t\t\t\t\t\t\t\t<div id=\"bgLayers_comp-lxd2jldo\" class=\"MW5IWV\" data-hook=\"bgLayers\" data-motion-part=\"BG_LAYER comp-lxd2jldo\"><div id=\"bgMedia_comp-lxd2jldo\" class=\"VgO9Yg\" data-motion-part=\"BG_MEDIA comp-lxd2jldo\"><span class=\"wixui-rich-text__text\">Wir freuen uns, Ihnen mitteilen zu k\u00f6nnen, dass unser Team nach der Teilnahme am Internationalen Honig-Qualit\u00e4tswettbewerb in London mit zwei unserer Honigsorten teilgenommen und folgende Auszeichnungen erhalten hat<\/span><\/div><\/div><div class=\"\" data-mesh-id=\"comp-lxd2jldoinlineContent\" data-testid=\"inline-content\"><div data-mesh-id=\"comp-lxd2jldoinlineContent-gridContainer\" data-testid=\"mesh-container-content\"><div id=\"comp-lxd2jldu\" class=\"ku3DBC zQ9jDz qvSjx3 Vq6kJx comp-lxd2jldu wixui-rich-text\" data-testid=\"richTextElement\"><p class=\"font_8 wixui-rich-text__text\"><span class=\"wixui-rich-text__text\">die Goldmedaille f\u00fcr Pinienhonig und die Silbermedaille f\u00fcr Waldhonig!<\/span><\/p><p class=\"font_8 wixui-rich-text__text\"><br class=\"wixui-rich-text__text\"><span class=\"wixui-rich-text__text\">Es ist uns wichtig, dass unsere Arbeit und unsere Erfahrung anerkannt werden, und wir versprechen Ihnen, Ihnen stets reines Naturhonig direkt aus unseren Bienenst\u00f6cken auf Ihren Teller zu bringen!<\/span><\/p><\/div><\/div><\/div>\t\t\t\t\t\t\t\t<\/div>\n\t\t<div class=\"elementor-element elementor-element-c95498c e-con-full e-flex e-con e-child\" data-id=\"c95498c\" data-element_type=\"container\" data-e-type=\"container\">\n\t\t<div class=\"elementor-element elementor-element-c7fe0aa e-con-full e-flex e-con e-child\" data-id=\"c7fe0aa\" data-element_type=\"container\" data-e-type=\"container\">\n\t\t\t\t<div class=\"elementor-element elementor-element-1cb5b50 elementor-widget elementor-widget-image\" data-id=\"1cb5b50\" data-element_type=\"widget\" data-e-type=\"widget\" data-widget_type=\"image.default\">\n\t\t\t\t\t\t\t\t\t\t\t\t\t\t\t<img loading=\"lazy\" decoding=\"async\" width=\"107\" height=\"110\" src=\"https:\/\/melissotis.gr\/wp-content\/uploads\/2026\/03\/global-honey-stars.avif\" class=\"attachment-large size-large wp-image-191\" alt=\"\" \/>\t\t\t\t\t\t\t\t\t\t\t\t\t\t\t<\/div>\n\t\t\t\t<\/div>\n\t\t<div class=\"elementor-element elementor-element-bc19a13 e-con-full e-flex e-con e-child\" data-id=\"bc19a13\" data-element_type=\"container\" data-e-type=\"container\">\n\t\t\t\t<div class=\"elementor-element elementor-element-13bccab elementor-widget elementor-widget-image\" data-id=\"13bccab\" data-element_type=\"widget\" data-e-type=\"widget\" data-widget_type=\"image.default\">\n\t\t\t\t\t\t\t\t\t\t\t\t\t\t\t<img loading=\"lazy\" decoding=\"async\" width=\"113\" height=\"110\" src=\"https:\/\/melissotis.gr\/wp-content\/uploads\/2026\/03\/londonhoney-gold.avif\" class=\"attachment-large size-large wp-image-192\" alt=\"\" \/>\t\t\t\t\t\t\t\t\t\t\t\t\t\t\t<\/div>\n\t\t\t\t<\/div>\n\t\t<div class=\"elementor-element elementor-element-b3e7439 e-con-full e-flex e-con e-child\" data-id=\"b3e7439\" data-element_type=\"container\" data-e-type=\"container\">\n\t\t\t\t<div class=\"elementor-element elementor-element-fbbe67c elementor-widget elementor-widget-image\" data-id=\"fbbe67c\" data-element_type=\"widget\" data-e-type=\"widget\" data-widget_type=\"image.default\">\n\t\t\t\t\t\t\t\t\t\t\t\t\t\t\t<img loading=\"lazy\" decoding=\"async\" width=\"113\" height=\"110\" src=\"https:\/\/melissotis.gr\/wp-content\/uploads\/2026\/03\/londonhoney-silver.avif\" class=\"attachment-large size-large wp-image-193\" alt=\"\" \/>\t\t\t\t\t\t\t\t\t\t\t\t\t\t\t<\/div>\n\t\t\t\t<\/div>\n\t\t\t\t<\/div>\n\t\t\t\t\t<\/div>\n\t\t\t\t<\/div>\n\t\t<div class=\"elementor-element elementor-element-45a724c e-flex e-con-boxed e-con e-parent\" data-id=\"45a724c\" data-element_type=\"container\" data-e-type=\"container\">\n\t\t\t\t\t<div class=\"e-con-inner\">\n\t\t<div class=\"elementor-element elementor-element-697d6a3 e-con-full e-flex e-con e-child\" data-id=\"697d6a3\" data-element_type=\"container\" data-e-type=\"container\">\n\t\t<div class=\"elementor-element elementor-element-ead0d4a e-con-full e-flex e-con e-child\" data-id=\"ead0d4a\" data-element_type=\"container\" data-e-type=\"container\">\n\t\t\t\t<div class=\"elementor-element elementor-element-78e48ee elementor-widget elementor-widget-image\" data-id=\"78e48ee\" data-element_type=\"widget\" data-e-type=\"widget\" data-widget_type=\"image.default\">\n\t\t\t\t\t\t\t\t\t\t\t\t\t\t\t<img loading=\"lazy\" decoding=\"async\" width=\"310\" height=\"345\" src=\"https:\/\/melissotis.gr\/wp-content\/uploads\/2026\/03\/PINE-AWARD.avif\" class=\"attachment-large size-large wp-image-186\" alt=\"\" srcset=\"https:\/\/melissotis.gr\/wp-content\/uploads\/2026\/03\/PINE-AWARD.avif 310w, https:\/\/melissotis.gr\/wp-content\/uploads\/2026\/03\/PINE-AWARD-270x300.avif 270w\" sizes=\"(max-width: 310px) 100vw, 310px\" \/>\t\t\t\t\t\t\t\t\t\t\t\t\t\t\t<\/div>\n\t\t<div class=\"elementor-element elementor-element-66e57e7 e-con-full e-flex e-con e-child\" data-id=\"66e57e7\" data-element_type=\"container\" data-e-type=\"container\">\n\t\t\t\t<div class=\"elementor-element elementor-element-3ed55f7 elementor-widget elementor-widget-heading\" data-id=\"3ed55f7\" data-element_type=\"widget\" data-e-type=\"widget\" data-widget_type=\"heading.default\">\n\t\t\t\t\t<h2 class=\"elementor-heading-title elementor-size-default\">Honig Kiefer Goldmedaille<\/h2>\t\t\t\t<\/div>\n\t\t\t\t<\/div>\n\t\t\t\t<\/div>\n\t\t<div class=\"elementor-element elementor-element-2012d29 e-con-full e-flex e-con e-child\" data-id=\"2012d29\" data-element_type=\"container\" data-e-type=\"container\">\n\t\t\t\t<div class=\"elementor-element elementor-element-9f26eca elementor-widget elementor-widget-image\" data-id=\"9f26eca\" data-element_type=\"widget\" data-e-type=\"widget\" data-widget_type=\"image.default\">\n\t\t\t\t\t\t\t\t\t\t\t\t\t\t\t<img loading=\"lazy\" decoding=\"async\" width=\"310\" height=\"345\" src=\"https:\/\/melissotis.gr\/wp-content\/uploads\/2026\/03\/FOREST-AWARD.avif\" class=\"attachment-large size-large wp-image-187\" alt=\"\" srcset=\"https:\/\/melissotis.gr\/wp-content\/uploads\/2026\/03\/FOREST-AWARD.avif 310w, https:\/\/melissotis.gr\/wp-content\/uploads\/2026\/03\/FOREST-AWARD-270x300.avif 270w\" sizes=\"(max-width: 310px) 100vw, 310px\" \/>\t\t\t\t\t\t\t\t\t\t\t\t\t\t\t<\/div>\n\t\t<div class=\"elementor-element elementor-element-b0e96f9 e-con-full e-flex e-con e-child\" data-id=\"b0e96f9\" data-element_type=\"container\" data-e-type=\"container\">\n\t\t\t\t<div class=\"elementor-element elementor-element-35d43c5 elementor-widget elementor-widget-heading\" data-id=\"35d43c5\" data-element_type=\"widget\" data-e-type=\"widget\" data-widget_type=\"heading.default\">\n\t\t\t\t\t<h2 class=\"elementor-heading-title elementor-size-default\">Waldhonig Silbermedaille<\/h2>\t\t\t\t<\/div>\n\t\t\t\t<\/div>\n\t\t\t\t<\/div>\n\t\t\t\t<\/div>\n\t\t\t\t\t<\/div>\n\t\t\t\t<\/div>\n\t\t<div class=\"elementor-element elementor-element-e07e0ab e-flex e-con-boxed e-con e-parent\" data-id=\"e07e0ab\" data-element_type=\"container\" data-e-type=\"container\" data-settings=\"{&quot;background_background&quot;:&quot;gradient&quot;}\">\n\t\t\t\t\t<div class=\"e-con-inner\">\n\t\t\t\t<div class=\"elementor-element elementor-element-d8a995b elementor-widget elementor-widget-heading\" data-id=\"d8a995b\" data-element_type=\"widget\" data-e-type=\"widget\" data-widget_type=\"heading.default\">\n\t\t\t\t\t<h2 class=\"elementor-heading-title elementor-size-default\">Expotrof-Ausstellung 3.-5.2.2024<\/h2>\t\t\t\t<\/div>\n\t\t\t\t\t<\/div>\n\t\t\t\t<\/div>\n\t\t<div class=\"elementor-element elementor-element-70d125c e-flex e-con-boxed e-con e-parent\" data-id=\"70d125c\" data-element_type=\"container\" data-e-type=\"container\">\n\t\t\t\t\t<div class=\"e-con-inner\">\n\t\t<div class=\"elementor-element elementor-element-b77b310 e-con-full e-flex e-con e-child\" data-id=\"b77b310\" data-element_type=\"container\" data-e-type=\"container\">\n\t\t<div class=\"elementor-element elementor-element-7d35296 e-con-full e-flex e-con e-child\" data-id=\"7d35296\" data-element_type=\"container\" data-e-type=\"container\">\n\t\t\t\t<div class=\"elementor-element elementor-element-b11059a elementor-widget elementor-widget-image\" data-id=\"b11059a\" data-element_type=\"widget\" data-e-type=\"widget\" data-widget_type=\"image.default\">\n\t\t\t\t\t\t\t\t\t\t\t\t\t\t\t<img loading=\"lazy\" decoding=\"async\" width=\"646\" height=\"485\" src=\"https:\/\/melissotis.gr\/wp-content\/uploads\/2026\/03\/melissotis-slider02.jpg\" class=\"attachment-large size-large wp-image-194\" alt=\"\" srcset=\"https:\/\/melissotis.gr\/wp-content\/uploads\/2026\/03\/melissotis-slider02.jpg 646w, https:\/\/melissotis.gr\/wp-content\/uploads\/2026\/03\/melissotis-slider02-300x225.jpg 300w\" sizes=\"(max-width: 646px) 100vw, 646px\" \/>\t\t\t\t\t\t\t\t\t\t\t\t\t\t\t<\/div>\n\t\t\t\t<\/div>\n\t\t<div class=\"elementor-element elementor-element-d7fbb95 e-con-full e-flex e-con e-child\" data-id=\"d7fbb95\" data-element_type=\"container\" data-e-type=\"container\">\n\t\t\t\t<\/div>\n\t\t\t\t<\/div>\n\t\t<div class=\"elementor-element elementor-element-ae3d542 e-con-full e-flex e-con e-child\" data-id=\"ae3d542\" data-element_type=\"container\" data-e-type=\"container\">\n\t\t<div class=\"elementor-element elementor-element-8511c83 e-con-full e-flex e-con e-child\" data-id=\"8511c83\" data-element_type=\"container\" data-e-type=\"container\">\n\t\t\t\t<\/div>\n\t\t<div class=\"elementor-element elementor-element-870882c e-con-full e-flex e-con e-child\" data-id=\"870882c\" data-element_type=\"container\" data-e-type=\"container\">\n\t\t\t\t<div class=\"elementor-element elementor-element-ae554ab elementor-widget elementor-widget-image\" data-id=\"ae554ab\" data-element_type=\"widget\" data-e-type=\"widget\" data-widget_type=\"image.default\">\n\t\t\t\t\t\t\t\t\t\t\t\t\t\t\t<img loading=\"lazy\" decoding=\"async\" width=\"490\" height=\"484\" src=\"https:\/\/melissotis.gr\/wp-content\/uploads\/2026\/03\/melissotis-slider17.jpg\" class=\"attachment-large size-large wp-image-195\" alt=\"\" srcset=\"https:\/\/melissotis.gr\/wp-content\/uploads\/2026\/03\/melissotis-slider17.jpg 490w, https:\/\/melissotis.gr\/wp-content\/uploads\/2026\/03\/melissotis-slider17-300x296.jpg 300w\" sizes=\"(max-width: 490px) 100vw, 490px\" \/>\t\t\t\t\t\t\t\t\t\t\t\t\t\t\t<\/div>\n\t\t\t\t<\/div>\n\t\t\t\t<\/div>\n\t\t<div class=\"elementor-element elementor-element-cd026fe e-con-full e-flex e-con e-child\" data-id=\"cd026fe\" data-element_type=\"container\" data-e-type=\"container\">\n\t\t<div class=\"elementor-element elementor-element-27fb80a e-con-full e-flex e-con e-child\" data-id=\"27fb80a\" data-element_type=\"container\" data-e-type=\"container\">\n\t\t\t\t<div class=\"elementor-element elementor-element-b8a68d9 elementor-widget elementor-widget-image\" data-id=\"b8a68d9\" data-element_type=\"widget\" data-e-type=\"widget\" data-widget_type=\"image.default\">\n\t\t\t\t\t\t\t\t\t\t\t\t\t\t\t<img loading=\"lazy\" decoding=\"async\" width=\"800\" height=\"360\" src=\"https:\/\/melissotis.gr\/wp-content\/uploads\/2026\/03\/melissotis-slider03-1024x461.jpg\" class=\"attachment-large size-large wp-image-196\" alt=\"\" srcset=\"https:\/\/melissotis.gr\/wp-content\/uploads\/2026\/03\/melissotis-slider03-1024x461.jpg 1024w, https:\/\/melissotis.gr\/wp-content\/uploads\/2026\/03\/melissotis-slider03-300x135.jpg 300w, https:\/\/melissotis.gr\/wp-content\/uploads\/2026\/03\/melissotis-slider03-768x345.jpg 768w, https:\/\/melissotis.gr\/wp-content\/uploads\/2026\/03\/melissotis-slider03.jpg 1076w\" sizes=\"(max-width: 800px) 100vw, 800px\" \/>\t\t\t\t\t\t\t\t\t\t\t\t\t\t\t<\/div>\n\t\t\t\t<\/div>\n\t\t<div class=\"elementor-element elementor-element-4a31c77 e-con-full e-flex e-con e-child\" data-id=\"4a31c77\" data-element_type=\"container\" data-e-type=\"container\">\n\t\t\t\t<\/div>\n\t\t\t\t<\/div>\n\t\t\t\t\t<\/div>\n\t\t\t\t<\/div>\n\t\t<div class=\"elementor-element elementor-element-038a700 e-flex e-con-boxed e-con e-parent\" data-id=\"038a700\" data-element_type=\"container\" data-e-type=\"container\" data-settings=\"{&quot;background_background&quot;:&quot;gradient&quot;}\">\n\t\t\t\t\t<div class=\"e-con-inner\">\n\t\t\t\t<div class=\"elementor-element elementor-element-640d93c elementor-widget elementor-widget-heading\" data-id=\"640d93c\" data-element_type=\"widget\" data-e-type=\"widget\" data-widget_type=\"heading.default\">\n\t\t\t\t\t<h2 class=\"elementor-heading-title elementor-size-default\">Internationale Messe Thessaloniki 9.-17.9.2023<\/h2>\t\t\t\t<\/div>\n\t\t\t\t\t<\/div>\n\t\t\t\t<\/div>\n\t\t<div class=\"elementor-element elementor-element-60b44e9 e-flex e-con-boxed e-con e-parent\" data-id=\"60b44e9\" data-element_type=\"container\" data-e-type=\"container\">\n\t\t\t\t\t<div class=\"e-con-inner\">\n\t\t<div class=\"elementor-element elementor-element-cedba53 e-con-full e-flex e-con e-child\" data-id=\"cedba53\" data-element_type=\"container\" data-e-type=\"container\">\n\t\t<div class=\"elementor-element elementor-element-f7514f1 e-con-full e-flex e-con e-child\" data-id=\"f7514f1\" data-element_type=\"container\" data-e-type=\"container\">\n\t\t\t\t<\/div>\n\t\t<div class=\"elementor-element elementor-element-1a1b46b e-con-full e-flex e-con e-child\" data-id=\"1a1b46b\" data-element_type=\"container\" data-e-type=\"container\">\n\t\t\t\t<div class=\"elementor-element elementor-element-8b63b15 elementor-widget elementor-widget-image\" data-id=\"8b63b15\" data-element_type=\"widget\" data-e-type=\"widget\" data-widget_type=\"image.default\">\n\t\t\t\t\t\t\t\t\t\t\t\t\t\t\t<img loading=\"lazy\" decoding=\"async\" width=\"800\" height=\"360\" src=\"https:\/\/melissotis.gr\/wp-content\/uploads\/2026\/03\/melissotis-slider12-1024x461.jpg\" class=\"attachment-large size-large wp-image-197\" alt=\"\" srcset=\"https:\/\/melissotis.gr\/wp-content\/uploads\/2026\/03\/melissotis-slider12-1024x461.jpg 1024w, https:\/\/melissotis.gr\/wp-content\/uploads\/2026\/03\/melissotis-slider12-300x135.jpg 300w, https:\/\/melissotis.gr\/wp-content\/uploads\/2026\/03\/melissotis-slider12-768x345.jpg 768w, https:\/\/melissotis.gr\/wp-content\/uploads\/2026\/03\/melissotis-slider12.jpg 1076w\" sizes=\"(max-width: 800px) 100vw, 800px\" \/>\t\t\t\t\t\t\t\t\t\t\t\t\t\t\t<\/div>\n\t\t\t\t<\/div>\n\t\t\t\t<\/div>\n\t\t\t\t\t<\/div>\n\t\t\t\t<\/div>\n\t\t<div class=\"elementor-element elementor-element-0c9328f e-flex e-con-boxed e-con e-parent\" data-id=\"0c9328f\" data-element_type=\"container\" data-e-type=\"container\" data-settings=\"{&quot;background_background&quot;:&quot;gradient&quot;}\">\n\t\t\t\t\t<div class=\"e-con-inner\">\n\t\t\t\t<div class=\"elementor-element elementor-element-6057d00 elementor-widget elementor-widget-heading\" data-id=\"6057d00\" data-element_type=\"widget\" data-e-type=\"widget\" data-widget_type=\"heading.default\">\n\t\t\t\t\t<h2 class=\"elementor-heading-title elementor-size-default\">Food&amp;life 28.11.\u201303.12.2023 M\u00fcnchen<\/h2>\t\t\t\t<\/div>\n\t\t\t\t\t<\/div>\n\t\t\t\t<\/div>\n\t\t<div class=\"elementor-element elementor-element-dce99d2 e-flex e-con-boxed e-con e-parent\" data-id=\"dce99d2\" data-element_type=\"container\" data-e-type=\"container\">\n\t\t\t\t\t<div class=\"e-con-inner\">\n\t\t<div class=\"elementor-element elementor-element-0f07391 e-con-full e-flex e-con e-child\" data-id=\"0f07391\" data-element_type=\"container\" data-e-type=\"container\">\n\t\t<div class=\"elementor-element elementor-element-e602a41 e-con-full e-flex e-con e-child\" data-id=\"e602a41\" data-element_type=\"container\" data-e-type=\"container\">\n\t\t\t\t<div class=\"elementor-element elementor-element-7c6909a elementor-widget elementor-widget-image\" data-id=\"7c6909a\" data-element_type=\"widget\" data-e-type=\"widget\" data-widget_type=\"image.default\">\n\t\t\t\t\t\t\t\t\t\t\t\t\t\t\t<img loading=\"lazy\" decoding=\"async\" width=\"363\" height=\"485\" src=\"https:\/\/melissotis.gr\/wp-content\/uploads\/2026\/03\/melissotis-slider09.jpg\" class=\"attachment-full size-full wp-image-198\" alt=\"\" srcset=\"https:\/\/melissotis.gr\/wp-content\/uploads\/2026\/03\/melissotis-slider09.jpg 363w, https:\/\/melissotis.gr\/wp-content\/uploads\/2026\/03\/melissotis-slider09-225x300.jpg 225w\" sizes=\"(max-width: 363px) 100vw, 363px\" \/>\t\t\t\t\t\t\t\t\t\t\t\t\t\t\t<\/div>\n\t\t\t\t<\/div>\n\t\t\t\t<\/div>\n\t\t\t\t\t<\/div>\n\t\t\t\t<\/div>\n\t\t\t\t<\/div>\n\t\t","protected":false},"excerpt":{"rendered":"<p>OLYMP Awards \u2013 Wettbewerbe im Bereich Lebensmittel und Getr\u00e4nke Olymp Taste Awards: ein weiterer Erfolg f\u00fcr unser Team! Mit der Teilnahme an den Olymp Taste Awards Competitions 2024 mit unseren vier Honigsorten haben wir die Goldmedaille f\u00fcr Bl\u00fctenhonig, die Silbermedaille f\u00fcr Kiefernhonig und Waldhonig und die Platinmedaille f\u00fcr Eichenhonig. Getreu unseren Werten und unserer Liebe [&hellip;]<\/p>\n","protected":false},"author":1,"featured_media":0,"parent":0,"menu_order":0,"comment_status":"closed","ping_status":"closed","template":"","meta":{"footnotes":""},"class_list":["post-185","page","type-page","status-publish","hentry"],"_links":{"self":[{"href":"https:\/\/melissotis.gr\/de\/wp-json\/wp\/v2\/pages\/185","targetHints":{"allow":["GET"]}}],"collection":[{"href":"https:\/\/melissotis.gr\/de\/wp-json\/wp\/v2\/pages"}],"about":[{"href":"https:\/\/melissotis.gr\/de\/wp-json\/wp\/v2\/types\/page"}],"author":[{"embeddable":true,"href":"https:\/\/melissotis.gr\/de\/wp-json\/wp\/v2\/users\/1"}],"replies":[{"embeddable":true,"href":"https:\/\/melissotis.gr\/de\/wp-json\/wp\/v2\/comments?post=185"}],"version-history":[{"count":1,"href":"https:\/\/melissotis.gr\/de\/wp-json\/wp\/v2\/pages\/185\/revisions"}],"predecessor-version":[{"id":199,"href":"https:\/\/melissotis.gr\/de\/wp-json\/wp\/v2\/pages\/185\/revisions\/199"}],"wp:attachment":[{"href":"https:\/\/melissotis.gr\/de\/wp-json\/wp\/v2\/media?parent=185"}],"curies":[{"name":"wp","href":"https:\/\/api.w.org\/{rel}","templated":true}]}}